{"id":266,"date":"2025-12-13T20:32:57","date_gmt":"2025-12-13T20:32:57","guid":{"rendered":"https:\/\/cortex.robustdatasolutions.com\/?page_id=266"},"modified":"2025-12-13T20:32:58","modified_gmt":"2025-12-13T20:32:58","slug":"cookies-policy","status":"publish","type":"page","link":"https:\/\/robustdatasolutions.com\/en\/politica-de-cookies\/","title":{"rendered":"Cookie Policy"},"content":{"rendered":"\n[et_pb_section fb_built=\u00bb1&#8243; admin_label=\u00bbHeader\u00bb _builder_version=\u00bb4.16&#8243; use_background_color_gradient=\u00bbon\u00bb background_color_gradient_direction=\u00bb237deg\u00bb background_color_gradient_stops=\u00bb#46b3ff 0%|#0752fe 100%\u00bb background_color_gradient_start=\u00bb#46b3ff\u00bb background_color_gradient_end=\u00bb#0752fe\u00bb background_image=\u00bbhttps:\/\/robustdatasolutions.com\/wp-content\/uploads\/2025\/11\/hosting-company-01.png\u00bb background_size=\u00bbcontain\u00bb background_position=\u00bbbottom_center\u00bb custom_padding=\u00bb100px||10vw||false|false\u00bb animation_style=\u00bbslide\u00bb animation_direction=\u00bbtop\u00bb animation_intensity_slide=\u00bb2%\u00bb animation_starting_opacity=\u00bb100%\u00bb global_colors_info=\u00bb{}\u00bb][et_pb_row column_structure=\u00bb1_2,1_2&#8243; _builder_version=\u00bb4.16&#8243; global_colors_info=\u00bb{}\u00bb][et_pb_column type=\u00bb1_2&#8243; _builder_version=\u00bb4.16&#8243; custom_padding=\u00bb60px|||\u00bb custom_padding_tablet=\u00bb0px|||\u00bb custom_padding_phone=\u00bb0px|||\u00bb custom_padding_last_edited=\u00bbon|tablet\u00bb global_colors_info=\u00bb{}\u00bb padding_tablet=\u00bb0px|||\u00bb padding_last_edited=\u00bbon|tablet\u00bb custom_padding__hover=\u00bb|||\u00bb padding_phone=\u00bb0px|||\u00bb][et_pb_text _builder_version=\u00bb4.27.5&#8243; text_font=\u00bb||||||||\u00bb text_font_size=\u00bb16px\u00bb text_line_height=\u00bb2em\u00bb header_font=\u00bbRubik|500|||||||\u00bb header_font_size=\u00bb52px\u00bb header_line_height=\u00bb1.2em\u00bb background_layout=\u00bbdark\u00bb header_font_size_tablet=\u00bb42px\u00bb header_font_size_phone=\u00bb32px\u00bb header_font_size_last_edited=\u00bbon|desktop\u00bb text_text_shadow_style=\u00bbpreset1&#8243; text_text_shadow_blur_strength=\u00bb2em\u00bb global_colors_info=\u00bb{}\u00bb]<h1>Pol\u00edtica de Cookies<\/h1>[\/et_pb_text][et_pb_button button_url=\u00bbhttps:\/\/robustdatasolutions.com\/\u00bb button_text=\u00bbVOLVER A INICIO\u00bb _builder_version=\u00bb4.27.5&#8243; custom_button=\u00bbon\u00bb button_text_size=\u00bb13px\u00bb button_text_color=\u00bb#ffffff\u00bb button_bg_color=\u00bb#263547&#8243; button_border_width=\u00bb0px\u00bb button_border_color=\u00bbrgba(0,0,0,0)\u00bb button_border_radius=\u00bb100px\u00bb button_letter_spacing=\u00bb1px\u00bb button_font=\u00bbRubik|||on|||||\u00bb button_use_icon=\u00bboff\u00bb background_layout=\u00bbdark\u00bb custom_padding=\u00bb14px|38px|14px|38px|true|true\u00bb box_shadow_style=\u00bbpreset1&#8243; box_shadow_vertical=\u00bb20px\u00bb box_shadow_blur=\u00bb30px\u00bb box_shadow_color=\u00bbrgba(0,0,0,0.2)\u00bb button_letter_spacing_hover=\u00bb1px\u00bb global_colors_info=\u00bb{}\u00bb button_text_size__hover_enabled=\u00bboff\u00bb button_one_text_size__hover_enabled=\u00bboff\u00bb button_two_text_size__hover_enabled=\u00bboff\u00bb button_text_color__hover_enabled=\u00bboff\u00bb button_one_text_color__hover_enabled=\u00bboff\u00bb button_two_text_color__hover_enabled=\u00bboff\u00bb button_border_width__hover_enabled=\u00bboff\u00bb button_one_border_width__hover_enabled=\u00bboff\u00bb button_two_border_width__hover_enabled=\u00bboff\u00bb button_border_color__hover_enabled=\u00bboff\u00bb button_one_border_color__hover_enabled=\u00bboff\u00bb button_two_border_color__hover_enabled=\u00bboff\u00bb button_border_radius__hover_enabled=\u00bboff\u00bb button_one_border_radius__hover_enabled=\u00bboff\u00bb button_two_border_radius__hover_enabled=\u00bboff\u00bb button_letter_spacing__hover_enabled=\u00bbon\u00bb button_letter_spacing__hover=\u00bb1px\u00bb button_one_letter_spacing__hover_enabled=\u00bboff\u00bb button_two_letter_spacing__hover_enabled=\u00bboff\u00bb button_bg_color__hover_enabled=\u00bboff\u00bb button_one_bg_color__hover_enabled=\u00bboff\u00bb button_two_bg_color__hover_enabled=\u00bboff\u00bb][\/et_pb_button][\/et_pb_column][et_pb_column type=\u00bb1_2&#8243; _builder_version=\u00bb4.16&#8243; custom_padding=\u00bb|||\u00bb global_colors_info=\u00bb{}\u00bb custom_padding__hover=\u00bb|||\u00bb][et_pb_image src=\u00bbhttps:\/\/robustdatasolutions.com\/wp-content\/uploads\/2025\/11\/1X_Hosting_Illustration_01.png\u00bb align_tablet=\u00bbcenter\u00bb align_phone=\u00bbcenter\u00bb align_last_edited=\u00bbon|desktop\u00bb _builder_version=\u00bb4.16&#8243; animation_style=\u00bbzoom\u00bb animation_intensity_zoom=\u00bb10%\u00bb global_colors_info=\u00bb{}\u00bb][\/et_pb_image][\/et_pb_column][\/et_pb_row][\/et_pb_section][et_pb_section fb_built=\u00bb1&#8243; admin_label=\u00bbFeatures\u00bb _builder_version=\u00bb4.16&#8243; locked=\u00bboff\u00bb global_colors_info=\u00bb{}\u00bb][et_pb_row _builder_version=\u00bb4.16&#8243; global_colors_info=\u00bb{}\u00bb][et_pb_column type=\u00bb4_4&#8243; _builder_version=\u00bb4.16&#8243; custom_padding=\u00bb|||\u00bb global_colors_info=\u00bb{}\u00bb custom_padding__hover=\u00bb|||\u00bb][et_pb_text _builder_version=\u00bb4.27.5&#8243; text_font=\u00bb||||||||\u00bb text_font_size=\u00bb16px\u00bb text_line_height=\u00bb2em\u00bb header_2_font=\u00bbRubik|500||on|||||\u00bb header_2_text_color=\u00bb#ff8f00&#8243; header_2_font_size=\u00bb14px\u00bb header_2_letter_spacing=\u00bb1px\u00bb header_2_line_height=\u00bb1.5em\u00bb header_3_font=\u00bbRubik|500|||||||\u00bb header_3_font_size=\u00bb38px\u00bb header_3_line_height=\u00bb1.4em\u00bb header_2_font_size_tablet=\u00bb42px\u00bb header_2_font_size_phone=\u00bb32px\u00bb header_2_font_size_last_edited=\u00bboff|desktop\u00bb header_3_font_size_tablet=\u00bb28px\u00bb header_3_font_size_phone=\u00bb20px\u00bb header_3_font_size_last_edited=\u00bbon|phone\u00bb locked=\u00bboff\u00bb global_colors_info=\u00bb{}\u00bb]<h2>ROBUST DATA SOLUTIONS<\/h2>\n<h3>Pol\u00edtica de Cookies<br \/>Actualizada : nov.-25<\/h3>\n<p>El sitio web https:\/\/robustdatasolutions.com\/ es responsabilidad de ROBUST DATA SOLUTIONS, S.L. (en adelante<br \/>ROBUST DATA SOLUTIONS), con domicilio social en C\/de la Sort, 5, 2\u00ba 2\u00aa &#8211; 08719 &#8211; Jorba (Barcelona) con CIF:<br \/>B13950753 y direcci\u00f3n de correo electr\u00f3nico info@robustdatasolutions.com.<br \/>Consecuentemente, la utilizaci\u00f3n de cookies se le aplica la presente &amp;quot;Pol\u00edtica de Uso de Cookies&amp;quot; que ha sido<br \/>elaborada con el fin de que el usuario quede informado de los diferentes usos que se llevan a cabo en estos<br \/>dispositivos y, pueda consentir su tratamiento de manera informada, de conformidad con lo previsto en la legislaci\u00f3n<br \/>vigente.<br \/>\u00bfQu\u00e9 es una cookie?<br \/>Una cookie es un fichero que se descarga en su ordenador al acceder el Usuario a determinadas p\u00e1ginas web. Las<br \/>cookies permiten a una p\u00e1gina web, entre otras cosas, almacenar y recuperar informaci\u00f3n sobre los h\u00e1bitos de<br \/>navegaci\u00f3n de un usuario o de su equipo y, dependiendo de la informaci\u00f3n que contengan y de la forma en que<br \/>utilice su equipo, pueden utilizarse para reconocer al usuario.<\/p>\n<p>\u00bfQu\u00e9 tipos de cookies existen?<br \/>Existen varios tipos de cookies en funci\u00f3n de distintos criterios:<br \/>En funci\u00f3n del tiempo que permanecen activadas:<br \/>\uf0d8 Cookies de sesi\u00f3n. Son un tipo de cookies dise\u00f1adas para recabar y almacenar datos mientras el usuario<br \/>accede a una p\u00e1gina web.<br \/>\uf0d8 Cookies permanentes: Son un tipo de cookies en el que los datos siguen almacenados en el terminal y<br \/>pueden ser accedidos y tratados durante un periodo definido por el responsable de la cookie.<br \/>En funci\u00f3n de la titularidad:<br \/>\uf0d8 Cookies propias. Son las que pertenecen a ROBUST DATA SOLUTIONS<br \/>\uf0d8 Cookies de terceros. Son aquellas cuya titularidad es de un tercero, distinto de ROBUST DATA SOLUTIONS,<br \/>que ser\u00e1 quien trate la informaci\u00f3n recabada.<br \/>En funci\u00f3n de su finalidad:<br \/>\uf0d8 Cookies t\u00e9cnicas y\/o de personalizaci\u00f3n. Son aqu\u00e9llas que sirven para mejorar el servicio, localizar<br \/>incidencias, reconocer al usuario, etc.<br \/>\uf0d8 Cookies de an\u00e1lisis y\/o de publicidad. Son aqu\u00e9llas que sirven para analizar informaci\u00f3n sobre la navegaci\u00f3n<br \/>y ofrecer publicidad, sea gen\u00e9rica o personalizada.<\/p>\n<p>\u00bfQu\u00e9 tipos de cookies son m\u00e1s habituales?<br \/>T\u00c9CNICAS: Son cookies PROPIAS, de sesi\u00f3n, de identificaci\u00f3n, de configuraci\u00f3n y de registro, estrictamente<br \/>necesarias para la identificaci\u00f3n del usuario y para la prestaci\u00f3n de los servicios solicitados por el usuario. La<br \/>informaci\u00f3n obtenida a trav\u00e9s de las mismas es tratada \u00fanicamente por ROBUST DATA SOLUTIONS<br \/>DE AN\u00c1LISIS: Son aqu\u00e9llas que, bien tratadas por nosotros o por terceros, nos permiten cuantificar el n\u00famero de<br \/>usuarios y as\u00ed realizar la medici\u00f3n y an\u00e1lisis estad\u00edstico de la utilizaci\u00f3n que hacen los usuarios del servicio ofertado.<br \/>Para ello se analiza su navegaci\u00f3n en nuestra p\u00e1gina web con el fin de mejorar la oferta de productos o servicios que<br \/>le ofrecemos.<\/p>\n<p>DE PUBLICIDAD: Son aqu\u00e9llas que, bien tratadas por nosotros o por terceros, permiten la gesti\u00f3n, de la forma m\u00e1s<br \/>eficaz posible, de los espacios publicitarios que se pudieran incluir en nuestra p\u00e1gina web y\/o almacenan informaci\u00f3n<br \/>del comportamiento de los usuarios obtenida a trav\u00e9s de la observaci\u00f3n continuada. Gracias a ellas, podemos<br \/>conocer los h\u00e1bitos de navegaci\u00f3n en internet y mostrarle publicidad relacionada con su perfil de navegaci\u00f3n.<br \/>\u00bfPara qu\u00e9 sirve una cookie?<br \/>Las cookies se utilizan para poder ofrecerle servicios y\/o publicidad personalizados, para analizar el funcionamiento<br \/>del sistema, reconocerle cuando accede como usuario, localizar incidencias y problemas que puedan surgir y<br \/>solventarlos en el menor plazo posible, as\u00ed como analizar y medir el uso y actividad de la p\u00e1gina web.<br \/>\u00bfSe necesita mi consentimiento para implantar una cookie?<br \/>No se precisa el consentimiento para la instalaci\u00f3n de cookies t\u00e9cnicas o las que sean estrictamente necesarias para<br \/>la prestaci\u00f3n de un servicio de la sociedad de la informaci\u00f3n expresamente solicitado por el destinatario.<br \/>Para el resto, s\u00ed se precisa del consentimiento del interesado que se puede solicitar por distintas v\u00edas. En el caso de<br \/>ROBUST DATA SOLUTIONS, se entender\u00e1 otorgado si Vd. acepta las cookies opcionales y no necesarias para el<br \/>funcionamiento de la web y podr\u00e1 revocar el consentimiento y desactivar las cookies entrando en el apartado \u201cc\u00f3mo<br \/>desactivar las cookies\u201d que se encuentra al final de este documento.<br \/>\u00bfQu\u00e9 tipos de cookies utiliza esta p\u00e1gina web?<br \/>Cookies t\u00e9cnicas: Son aquellas creadas y gestionadas \u00fanicamente por nosotros, y permiten al usuario la navegaci\u00f3n<br \/>a trav\u00e9s de nuestra p\u00e1gina web y la utilizaci\u00f3n de las diferentes opciones como, por ejemplo, identificar la sesi\u00f3n,<br \/>personalizar informaci\u00f3n o acceder a zonas de acceso restringido.<br \/>El lugar web de ROBUST DATA SOLUTIONS, utiliza Google Analytics, una herramienta de anal\u00edtica web<br \/>desarrollada por Google, que ayuda a los propietarios de sitios web a medir c\u00f3mo interact\u00faan los usuarios con el<br \/>contenido del sitio. Para la prestaci\u00f3n de estos servicios, Google Analytics utilizan cookies que recopilan la<br \/>informaci\u00f3n, incluida la direcci\u00f3n IP del usuario que ser\u00e1 trasmitida, tratada y almacenada por Google en los t\u00e9rminos<br \/>fijados en la web Google.com.<br \/>Esta web puede contener enlaces a sitios web de terceros con pol\u00edticas de privacidad ajenas a nuestra web\u00a0que<br \/>usted podr\u00e1<br \/>decidir si acepta o no cuando acceda a ellos.<\/p>\n<p>El dominio web https:\/\/robustdatasolutions.com\/ utiliza los siguientes tipos de cookies:<br \/>Propiedad Nombre cookie Finalidad Expira<br \/>https:\/\/robustdatasolutions.com<br \/>\/<\/p>\n<p>makeabot_sessionId Es una cookie de sesi\u00f3n con un ID \u00fanico que<br \/>identifica a un usuario espec\u00edfico durante una visita<br \/>a un sitio web.<\/p>\n<p>La sesi\u00f3n<\/p>\n<p>https:\/\/robustdatasolutions.com<br \/>\/<\/p>\n<p>trp_language Cookie para recordar el idioma que un usuario ha<br \/>elegido en un sitio web y aplicarlo en futuras visitas<\/p>\n<p>1 mes<\/p>\n<p>\u00bfC\u00f3mo desactivar cookies?<br \/>Puede permitir, bloquear o eliminar las cookies instaladas en su equipo mediante la configuraci\u00f3n de las opciones del<br \/>navegador instalado en su ordenador.<br \/>\uf0b7 Firefox : https:\/\/support.mozilla.org\/es\/kb\/habilitar-y-deshabilitar-cookies-sitios-web-rastrear-<br \/>preferencias?redirectlocale=es&amp;amp;redirectslug=habilitar-y-deshabilitar-cookies-que-los-sitios-we<br \/>\uf0b7 Chrome: https:\/\/support.google.com\/chrome\/answer\/95647?hl=es<br \/>\uf0b7 Internet Explorer: https:\/\/support.microsoft.com\/es-es\/products\/windows?os=windows-10<br \/>\uf0b7 Safari: https:\/\/support.apple.com\/kb\/ph5042?locale=es_ES<\/p>\n<p>\uf0b7 Safari para iOS: https:\/\/support.apple.com\/es-es\/HT201265<br \/>\uf0b7 Opera: http:\/\/help.opera.com\/Windows\/11.50\/es-ES\/cookies.html<br \/>Ejercicio de derechos<br \/>Puede conocer y ejercer sus derechos en materia de protecci\u00f3n de datos accediendo a nuestra pol\u00edtica de privacidad<br \/>https:\/\/robustdatasolutions.com\/\/politica-de-privacidad\/<\/p>\n<p>Informaci\u00f3n adicional<br \/>Pueden consultar m\u00e1s informaci\u00f3n en la gu\u00eda sobre el uso de las cookies editada por la AEPD en el siguiente enlace:<br \/>https:\/\/www.aepd.es\/es\/documento\/guia-cookies.pdf<\/p>[\/et_pb_text][et_pb_button button_url=\u00bbhttps:\/\/robustdatasolutions.com\/\u00bb button_text=\u00bbVOLVER A INICIO\u00bb _builder_version=\u00bb4.27.5&#8243; custom_button=\u00bbon\u00bb button_text_size=\u00bb13px\u00bb button_text_color=\u00bb#ffffff\u00bb button_bg_color=\u00bb#0C71C3&#8243; button_border_width=\u00bb0px\u00bb button_border_color=\u00bbrgba(0,0,0,0)\u00bb button_border_radius=\u00bb100px\u00bb button_letter_spacing=\u00bb1px\u00bb button_font=\u00bbRubik|||on|||||\u00bb button_use_icon=\u00bboff\u00bb background_layout=\u00bbdark\u00bb custom_padding=\u00bb14px|38px|14px|38px|true|true\u00bb box_shadow_style=\u00bbpreset1&#8243; box_shadow_vertical=\u00bb20px\u00bb box_shadow_blur=\u00bb30px\u00bb box_shadow_color=\u00bbrgba(0,0,0,0.2)\u00bb button_letter_spacing_hover=\u00bb1px\u00bb global_colors_info=\u00bb{}\u00bb button_text_size__hover_enabled=\u00bboff\u00bb button_one_text_size__hover_enabled=\u00bboff\u00bb button_two_text_size__hover_enabled=\u00bboff\u00bb button_text_color__hover_enabled=\u00bboff\u00bb button_one_text_color__hover_enabled=\u00bboff\u00bb button_two_text_color__hover_enabled=\u00bboff\u00bb button_border_width__hover_enabled=\u00bboff\u00bb button_one_border_width__hover_enabled=\u00bboff\u00bb button_two_border_width__hover_enabled=\u00bboff\u00bb button_border_color__hover_enabled=\u00bboff\u00bb button_one_border_color__hover_enabled=\u00bboff\u00bb button_two_border_color__hover_enabled=\u00bboff\u00bb button_border_radius__hover_enabled=\u00bboff\u00bb button_one_border_radius__hover_enabled=\u00bboff\u00bb button_two_border_radius__hover_enabled=\u00bboff\u00bb button_letter_spacing__hover_enabled=\u00bbon\u00bb button_letter_spacing__hover=\u00bb1px\u00bb button_one_letter_spacing__hover_enabled=\u00bboff\u00bb button_two_letter_spacing__hover_enabled=\u00bboff\u00bb button_bg_color__hover_enabled=\u00bboff\u00bb button_one_bg_color__hover_enabled=\u00bboff\u00bb button_two_bg_color__hover_enabled=\u00bboff\u00bb][\/et_pb_button][\/et_pb_column][\/et_pb_row][\/et_pb_section]\n","protected":false},"excerpt":{"rendered":"<p>Pol\u00edtica de CookiesROBUST DATA SOLUTIONS Pol\u00edtica de CookiesActualizada : nov.-25 El sitio web https:\/\/robustdatasolutions.com\/ es responsabilidad de ROBUST DATA SOLUTIONS, S.L. (en adelanteROBUST DATA SOLUTIONS), con domicilio social en C\/de la Sort, 5, 2\u00ba 2\u00aa &#8211; 08719 &#8211; Jorba (Barcelona) con CIF:B13950753 y direcci\u00f3n de correo electr\u00f3nico info@robustdatasolutions.com.Consecuentemente, la utilizaci\u00f3n de cookies se le aplica [&hellip;]<\/p>\n","protected":false},"author":1,"featured_media":0,"parent":0,"menu_order":0,"comment_status":"closed","ping_status":"closed","template":"","meta":{"_yoast_wpseo_focuskw":"","_yoast_wpseo_title":"","_yoast_wpseo_metadesc":"","_et_pb_use_builder":"on","_et_pb_old_content":"","_et_gb_content_width":"","footnotes":""},"class_list":["post-266","page","type-page","status-publish","hentry"],"yoast_head":"<!-- This site is optimized with the Yoast SEO plugin v27.3 - https:\/\/yoast.com\/product\/yoast-seo-wordpress\/ -->\n<title>Pol\u00edtica de cookies - Robust Data Solutions<\/title>\n<meta name=\"robots\" content=\"index, follow, max-snippet:-1, max-image-preview:large, max-video-preview:-1\" \/>\n<link rel=\"canonical\" href=\"https:\/\/robustdatasolutions.com\/en\/cookies-policy\/\" \/>\n<meta property=\"og:locale\" content=\"en_US\" \/>\n<meta property=\"og:type\" content=\"article\" \/>\n<meta property=\"og:title\" content=\"Pol\u00edtica de cookies - Robust Data Solutions\" \/>\n<meta property=\"og:description\" content=\"Pol\u00edtica de CookiesROBUST DATA SOLUTIONS Pol\u00edtica de CookiesActualizada : nov.-25 El sitio web https:\/\/robustdatasolutions.com\/ es responsabilidad de ROBUST DATA SOLUTIONS, S.L. (en adelanteROBUST DATA SOLUTIONS), con domicilio social en C\/de la Sort, 5, 2\u00ba 2\u00aa - 08719 - Jorba (Barcelona) con CIF:B13950753 y direcci\u00f3n de correo electr\u00f3nico info@robustdatasolutions.com.Consecuentemente, la utilizaci\u00f3n de cookies se le aplica [&hellip;]\" \/>\n<meta property=\"og:url\" content=\"https:\/\/robustdatasolutions.com\/en\/cookies-policy\/\" \/>\n<meta property=\"og:site_name\" content=\"Robust Data Solutions\" \/>\n<meta property=\"article:modified_time\" content=\"2025-12-13T20:32:58+00:00\" \/>\n<meta name=\"twitter:card\" content=\"summary_large_image\" \/>\n<meta name=\"twitter:label1\" content=\"Est. reading time\" \/>\n\t<meta name=\"twitter:data1\" content=\"10 minutes\" \/>\n<script type=\"application\/ld+json\" class=\"yoast-schema-graph\">{\"@context\":\"https:\\\/\\\/schema.org\",\"@graph\":[{\"@type\":\"WebPage\",\"@id\":\"https:\\\/\\\/robustdatasolutions.com\\\/politica-de-cookies\\\/\",\"url\":\"https:\\\/\\\/robustdatasolutions.com\\\/politica-de-cookies\\\/\",\"name\":\"Pol\u00edtica de cookies - Robust Data Solutions\",\"isPartOf\":{\"@id\":\"https:\\\/\\\/robustdatasolutions.com\\\/#website\"},\"datePublished\":\"2025-12-13T20:32:57+00:00\",\"dateModified\":\"2025-12-13T20:32:58+00:00\",\"breadcrumb\":{\"@id\":\"https:\\\/\\\/robustdatasolutions.com\\\/politica-de-cookies\\\/#breadcrumb\"},\"inLanguage\":\"en-US\",\"potentialAction\":[{\"@type\":\"ReadAction\",\"target\":[\"https:\\\/\\\/robustdatasolutions.com\\\/politica-de-cookies\\\/\"]}]},{\"@type\":\"BreadcrumbList\",\"@id\":\"https:\\\/\\\/robustdatasolutions.com\\\/politica-de-cookies\\\/#breadcrumb\",\"itemListElement\":[{\"@type\":\"ListItem\",\"position\":1,\"name\":\"Portada\",\"item\":\"https:\\\/\\\/robustdatasolutions.com\\\/\"},{\"@type\":\"ListItem\",\"position\":2,\"name\":\"Pol\u00edtica de cookies\"}]},{\"@type\":\"WebSite\",\"@id\":\"https:\\\/\\\/robustdatasolutions.com\\\/#website\",\"url\":\"https:\\\/\\\/robustdatasolutions.com\\\/\",\"name\":\"Robust Data Solutions\",\"description\":\"\",\"publisher\":{\"@id\":\"https:\\\/\\\/robustdatasolutions.com\\\/#organization\"},\"potentialAction\":[{\"@type\":\"SearchAction\",\"target\":{\"@type\":\"EntryPoint\",\"urlTemplate\":\"https:\\\/\\\/robustdatasolutions.com\\\/?s={search_term_string}\"},\"query-input\":{\"@type\":\"PropertyValueSpecification\",\"valueRequired\":true,\"valueName\":\"search_term_string\"}}],\"inLanguage\":\"en-US\"},{\"@type\":\"Organization\",\"@id\":\"https:\\\/\\\/robustdatasolutions.com\\\/#organization\",\"name\":\"Robust Data Solutions\",\"url\":\"https:\\\/\\\/robustdatasolutions.com\\\/\",\"logo\":{\"@type\":\"ImageObject\",\"inLanguage\":\"en-US\",\"@id\":\"https:\\\/\\\/robustdatasolutions.com\\\/#\\\/schema\\\/logo\\\/image\\\/\",\"url\":\"https:\\\/\\\/robustdatasolutions.com\\\/wp-content\\\/uploads\\\/2025\\\/11\\\/Logos-Robust-13.png\",\"contentUrl\":\"https:\\\/\\\/robustdatasolutions.com\\\/wp-content\\\/uploads\\\/2025\\\/11\\\/Logos-Robust-13.png\",\"width\":2011,\"height\":740,\"caption\":\"Robust Data Solutions\"},\"image\":{\"@id\":\"https:\\\/\\\/robustdatasolutions.com\\\/#\\\/schema\\\/logo\\\/image\\\/\"}}]}<\/script>\n<!-- \/ Yoast SEO plugin. -->","yoast_head_json":{"title":"Cookie Policy - Robust Data Solutions","robots":{"index":"index","follow":"follow","max-snippet":"max-snippet:-1","max-image-preview":"max-image-preview:large","max-video-preview":"max-video-preview:-1"},"canonical":"https:\/\/robustdatasolutions.com\/en\/cookies-policy\/","og_locale":"en_US","og_type":"article","og_title":"Pol\u00edtica de cookies - Robust Data Solutions","og_description":"Pol\u00edtica de CookiesROBUST DATA SOLUTIONS Pol\u00edtica de CookiesActualizada : nov.-25 El sitio web https:\/\/robustdatasolutions.com\/ es responsabilidad de ROBUST DATA SOLUTIONS, S.L. (en adelanteROBUST DATA SOLUTIONS), con domicilio social en C\/de la Sort, 5, 2\u00ba 2\u00aa - 08719 - Jorba (Barcelona) con CIF:B13950753 y direcci\u00f3n de correo electr\u00f3nico info@robustdatasolutions.com.Consecuentemente, la utilizaci\u00f3n de cookies se le aplica [&hellip;]","og_url":"https:\/\/robustdatasolutions.com\/en\/cookies-policy\/","og_site_name":"Robust Data Solutions","article_modified_time":"2025-12-13T20:32:58+00:00","twitter_card":"summary_large_image","twitter_misc":{"Est. reading time":"10 minutes"},"schema":{"@context":"https:\/\/schema.org","@graph":[{"@type":"WebPage","@id":"https:\/\/robustdatasolutions.com\/politica-de-cookies\/","url":"https:\/\/robustdatasolutions.com\/politica-de-cookies\/","name":"Cookie Policy - Robust Data Solutions","isPartOf":{"@id":"https:\/\/robustdatasolutions.com\/#website"},"datePublished":"2025-12-13T20:32:57+00:00","dateModified":"2025-12-13T20:32:58+00:00","breadcrumb":{"@id":"https:\/\/robustdatasolutions.com\/politica-de-cookies\/#breadcrumb"},"inLanguage":"en-US","potentialAction":[{"@type":"ReadAction","target":["https:\/\/robustdatasolutions.com\/politica-de-cookies\/"]}]},{"@type":"BreadcrumbList","@id":"https:\/\/robustdatasolutions.com\/politica-de-cookies\/#breadcrumb","itemListElement":[{"@type":"ListItem","position":1,"name":"Portada","item":"https:\/\/robustdatasolutions.com\/"},{"@type":"ListItem","position":2,"name":"Pol\u00edtica de cookies"}]},{"@type":"WebSite","@id":"https:\/\/robustdatasolutions.com\/#website","url":"https:\/\/robustdatasolutions.com\/","name":"Robust Data Solutions","description":"","publisher":{"@id":"https:\/\/robustdatasolutions.com\/#organization"},"potentialAction":[{"@type":"SearchAction","target":{"@type":"EntryPoint","urlTemplate":"https:\/\/robustdatasolutions.com\/?s={search_term_string}"},"query-input":{"@type":"PropertyValueSpecification","valueRequired":true,"valueName":"search_term_string"}}],"inLanguage":"en-US"},{"@type":"Organization","@id":"https:\/\/robustdatasolutions.com\/#organization","name":"Robust Data Solutions","url":"https:\/\/robustdatasolutions.com\/","logo":{"@type":"ImageObject","inLanguage":"en-US","@id":"https:\/\/robustdatasolutions.com\/#\/schema\/logo\/image\/","url":"https:\/\/robustdatasolutions.com\/wp-content\/uploads\/2025\/11\/Logos-Robust-13.png","contentUrl":"https:\/\/robustdatasolutions.com\/wp-content\/uploads\/2025\/11\/Logos-Robust-13.png","width":2011,"height":740,"caption":"Robust Data Solutions"},"image":{"@id":"https:\/\/robustdatasolutions.com\/#\/schema\/logo\/image\/"}}]}},"jetpack_sharing_enabled":true,"_links":{"self":[{"href":"https:\/\/robustdatasolutions.com\/en\/wp-json\/wp\/v2\/pages\/266","targetHints":{"allow":["GET"]}}],"collection":[{"href":"https:\/\/robustdatasolutions.com\/en\/wp-json\/wp\/v2\/pages"}],"about":[{"href":"https:\/\/robustdatasolutions.com\/en\/wp-json\/wp\/v2\/types\/page"}],"author":[{"embeddable":true,"href":"https:\/\/robustdatasolutions.com\/en\/wp-json\/wp\/v2\/users\/1"}],"replies":[{"embeddable":true,"href":"https:\/\/robustdatasolutions.com\/en\/wp-json\/wp\/v2\/comments?post=266"}],"version-history":[{"count":1,"href":"https:\/\/robustdatasolutions.com\/en\/wp-json\/wp\/v2\/pages\/266\/revisions"}],"predecessor-version":[{"id":270,"href":"https:\/\/robustdatasolutions.com\/en\/wp-json\/wp\/v2\/pages\/266\/revisions\/270"}],"wp:attachment":[{"href":"https:\/\/robustdatasolutions.com\/en\/wp-json\/wp\/v2\/media?parent=266"}],"curies":[{"name":"wp","href":"https:\/\/api.w.org\/{rel}","templated":true}]}}